{"id":12,"date":"2024-06-30T14:31:55","date_gmt":"2024-06-30T12:31:55","guid":{"rendered":"https:\/\/www.centroamerica.at\/convocatoria24\/?page_id=12"},"modified":"2026-03-29T10:53:20","modified_gmt":"2026-03-29T08:53:20","slug":"convocatoria-26-es","status":"publish","type":"page","link":"https:\/\/centroamerica.at\/convocatoria26\/es\/convocatoria-26-es\/","title":{"rendered":"Convocatoria 26 Es"},"content":{"rendered":"<h1 class=\"pageHeader\" style=\"text-align: center;\">XVIII. Festival de Cine Centroamericano \u2013 Viena, Noviembre 2026<\/h1>\n<h1 class=\"pageHeader\" style=\"text-align: center;\">XVIII. Mittelamerikanisches Filmfestival \u2013 Wien, November 2026<\/h1>\n<div class=\"motion-copy col-xs-12 col-sm-5 col-sm-offset-2\">\n<p>Del <strong>15 al 21 de noviembre de 2026<\/strong> se celebrar\u00e1 en Viena (Austria) la decimoctava edici\u00f3n del Festival de Cine Centroamericano. La Asociaci\u00f3n Papaya Media, organizadora del evento, invita a presentar trabajos para la preselecci\u00f3n en las distintas secciones del festival, tanto en la Competencia Oficial como en las secciones paralelas. La inscripci\u00f3n es gratuita y permanecer\u00e1 abierta hasta el <strong>30 de julio de 2026<\/strong>. Los detalles completos para la presentaci\u00f3n se encuentran en el reglamento correspondiente.<\/p>\n<p>Para participar, es necesario cumplir con las reglas de inscripci\u00f3n, completar el formulario oficial y enviarlo electr\u00f3nicamente a <strong>callforentries@centroamerica.at<\/strong> o de subir su pel\u00edcula a la plataforma Festhome.<\/p>\n<p>El Festival de Cine Centroamericano en Viena se ha convertido en una tradici\u00f3n casi institucionalizada en la ciudad. Viena, sin duda, es uno de los centros culturales m\u00e1s relevantes de Europa y ofrece un escenario inmejorable para dar a conocer las producciones, cada vez m\u00e1s interesantes y brillantes, que emergen de la regi\u00f3n centroamericana.<\/p>\n<p>El festival est\u00e1 dirigido a un p\u00fablico diverso y culturalmente comprometido. Se dirige a la di\u00e1spora latinoamericana de Viena, a personas que buscan profundizar su conocimiento de la regi\u00f3n y su producci\u00f3n cinematogr\u00e1fica, as\u00ed como a amantes del cine. Uno de los objetivos del festival es dar visibilidad a pel\u00edculas y voces que siguen estando subrepresentadas en contextos europeos.<\/p>\n<p>Como en ediciones anteriores, adem\u00e1s de la Competencia Oficial, el festival contar\u00e1 con secciones paralelas no competitivas, que incluyen espacios como &#8220;Pioneros del Cine Centroamericano&#8221;, &#8220;Obras en Proceso&#8221;, &#8220;Pel\u00edcula Invitada&#8221;, &#8220;Bonus Films&#8221; y &#8220;Mirada Latinoamericana o Pa\u00eds Invitado de Honor&#8221;. <strong>El pa\u00eds invitado de honor para esta edici\u00f3n ser\u00e1 Cuba.<\/strong><\/p>\n<p><a href=\"https:\/\/centroamerica.at\/convocatoria26\/wp-content\/uploads\/2026\/03\/Reglas-de-participacion-XVIII_MAFF_2026.pdf\">Reglas de participaci\u00f3n<\/a><\/p>\n<p><a href=\"https:\/\/centroamerica.at\/convocatoria26\/wp-content\/uploads\/2026\/03\/Formulario-de-inscripcion-XVIII-MAFF-2026.doc\">Formulario de inscripci\u00f3n<\/a><\/p>\n<\/div>\n","protected":false},"excerpt":{"rendered":"<p>XVIII. Festival de Cine Centroamericano \u2013 Viena, Noviembre 2026 XVIII. Mittelamerikanisches Filmfestival \u2013 Wien, November 2026 Del 15 al 21 de noviembre de 2026 se celebrar\u00e1 en Viena (Austria) la decimoctava edici\u00f3n del Festival de Cine Centroamericano. La Asociaci\u00f3n Papaya Media, organizadora del evento, invita a presentar trabajos para la preselecci\u00f3n en las distintas secciones [&hellip;]<\/p>\n","protected":false},"author":1,"featured_media":0,"parent":0,"menu_order":0,"comment_status":"closed","ping_status":"closed","template":"","meta":{"footnotes":""},"class_list":["post-12","page","type-page","status-publish","hentry"],"acf":[],"_links":{"self":[{"href":"https:\/\/centroamerica.at\/convocatoria26\/wp-json\/wp\/v2\/pages\/12","targetHints":{"allow":["GET"]}}],"collection":[{"href":"https:\/\/centroamerica.at\/convocatoria26\/wp-json\/wp\/v2\/pages"}],"about":[{"href":"https:\/\/centroamerica.at\/convocatoria26\/wp-json\/wp\/v2\/types\/page"}],"author":[{"embeddable":true,"href":"https:\/\/centroamerica.at\/convocatoria26\/wp-json\/wp\/v2\/users\/1"}],"replies":[{"embeddable":true,"href":"https:\/\/centroamerica.at\/convocatoria26\/wp-json\/wp\/v2\/comments?post=12"}],"version-history":[{"count":9,"href":"https:\/\/centroamerica.at\/convocatoria26\/wp-json\/wp\/v2\/pages\/12\/revisions"}],"predecessor-version":[{"id":37,"href":"https:\/\/centroamerica.at\/convocatoria26\/wp-json\/wp\/v2\/pages\/12\/revisions\/37"}],"wp:attachment":[{"href":"https:\/\/centroamerica.at\/convocatoria26\/wp-json\/wp\/v2\/media?parent=12"}],"curies":[{"name":"wp","href":"https:\/\/api.w.org\/{rel}","templated":true}]}}