{"id":84,"date":"2019-10-05T14:49:34","date_gmt":"2019-10-05T14:49:34","guid":{"rendered":"https:\/\/www.centroamerica.at\/XIVMAFF2022\/?page_id=84"},"modified":"2024-10-23T17:08:59","modified_gmt":"2024-10-23T15:08:59","slug":"dasfestival","status":"publish","type":"page","link":"https:\/\/centroamerica.at\/XVIMAFF2024\/dasfestival\/","title":{"rendered":"Das Festival"},"content":{"rendered":"<h1 class=\"pageHeader\" style=\"text-align: center;\">DAS XVI. MITTELAMERIKANISCHE FILMFESTIVAL<\/h1>\n<div class=\"motion-copy col-xs-12 col-sm-5 col-sm-offset-2\">\n<p>Das Mittelamerikanische Filmfestival verwandelt das METRO Kinokulturhaus auch heuer wieder in ein Portal nach Zentralamerika, welches unsere Wahrnehmung herausfordert und unsere Fantasie befl\u00fcgelt.<\/p>\n<p>Spieglein, Spieglein an der Wand&#8230;<\/p>\n<p>Wir er\u00f6ffnen unser Festival mit einem Meisterwerk, das die Grenzen zwischen Fiktion und Realit\u00e4t verwischt und die Frage aufwirft: Was ist realer &#8211; das, was wir sehen, oder das, was wir glauben? Sich selbst als Medium spiegelnd, l\u00e4dt unser Er\u00f6ffnungsfilm zur Reflexion \u00fcber Film, Erinnerung und Trauma ein.<\/p>\n<p>Doch auch nur wenige Minuten k\u00f6nnen zum Nachdenken anregen. Kurzfilme, wahre Kleinode der Filmkunst, begleiten uns durch das Festival. Sie erg\u00e4nzen unsere Spiel- und Dokumentarfilme und bieten einzigartige, verdichtete Perspektiven. Verpassen Sie nicht unseren Kurzfilmtag, an dem sie mit nur einem Ticket bis zu f\u00fcnf Filme genie\u00dfen k\u00f6nnen.<\/p>\n<p>Unser heuriges Ehrengastland Puerto Rico erstrahlt in eigenem Glanz. Vier Filme entf\u00fchren uns auf diese karibische Insel und erkunden ihre reiche Kultur und komplexen Realit\u00e4ten. Mit den Themen der Migration und der Suche nach dem Selbst \u00fcber die Verbindung mit Anderen und der Welt, spiegeln sich diese Filme in den zentralamerikanischen Produktionen dieses Jahres.<\/p>\n<p>Das Festival ist ein Erlebnis f\u00fcr alle Sinne. Reflexionen und Spiegelungen, Live-Musik und tropische Cocktails erg\u00e4nzen die Vorf\u00fchrungen und laden die Besucher*innen in die zentralamerikanische Kultur ein. Zus\u00e4tzlich bieten wir ein spezielles Programm f\u00fcr Schulen, um auch die j\u00fcngere Generation einzubeziehen.<\/p>\n<p>In diesem Jahr widmen wir unser Festival dem unerm\u00fcdlichen Kampf f\u00fcr Demokratie in Zentralamerika und der Unabh\u00e4ngigkeit Puerto Ricos. Vom 18. bis 23. November laden wir Sie ein, Teil dieses einzigartigen Filmabenteuers in Wien zu werden, bei dem Kino zum Katalysator f\u00fcr Wandel und Reflexion wird. Begleiten Sie uns auf dieser Entdeckungsreise durch die Magie des zentralamerikanischen Kinos.<\/p>\n<\/div>\n<p class=\"pagePara\">\u00a1Nos vemos en el cine!<\/p>\n<p class=\"pagePara\"><a href=\"https:\/\/centroamerica.at\/XVIMAFF2024\/nachspann\/\">Nachspann<\/a><\/p>\n<p class=\"pagePara\"><a href=\"https:\/\/centroamerica.at\/XVIMAFF2024\/presse\/\">Presse Files<\/a><\/p>\n<p><strong>Reservierungen unter:<\/strong><\/p>\n<p><a href=\"mailto:reservierung@filmarchiv.at\">reservierung@filmarchiv.at<\/a><br \/>\n+43 1 5121 803<\/p>\n<p>Preise:<br \/>\nEinzelticket regul\u00e4r: \u20ac 10,\u2013<br \/>\nerm\u00e4\u00dfigt: \u20ac 7,\u2013<br \/>\nFAA-Club: \u20ac 6,\u2013<br \/>\nUni-Club: \u20ac 5,\u2013<br \/>\n10er-Block regul\u00e4r: \u20ac 65,\u2013<br \/>\n10er-Block FAA-Club: \u20ac 50,\u2013<br \/>\n10er-Block Uni-Club: \u20ac 45,\u2013<\/p>\n<p><a href=\"https:\/\/nonstopkino.at\/\"><strong>Nonstop Kinoabo<\/strong><\/a> g\u00fcltig<\/p>\n","protected":false},"excerpt":{"rendered":"<p>DAS XVI. MITTELAMERIKANISCHE FILMFESTIVAL Das Mittelamerikanische Filmfestival verwandelt das METRO Kinokulturhaus auch heuer wieder in ein Portal nach Zentralamerika, welches unsere Wahrnehmung herausfordert und unsere Fantasie befl\u00fcgelt. Spieglein, Spieglein an der Wand&#8230; Wir er\u00f6ffnen unser Festival mit einem Meisterwerk, das die Grenzen zwischen Fiktion und Realit\u00e4t verwischt und die Frage aufwirft: Was ist realer &#8211; [&hellip;]<\/p>\n","protected":false},"author":1,"featured_media":0,"parent":0,"menu_order":0,"comment_status":"closed","ping_status":"closed","template":"","meta":{"footnotes":""},"class_list":["post-84","page","type-page","status-publish","hentry"],"acf":[],"_links":{"self":[{"href":"https:\/\/centroamerica.at\/XVIMAFF2024\/wp-json\/wp\/v2\/pages\/84","targetHints":{"allow":["GET"]}}],"collection":[{"href":"https:\/\/centroamerica.at\/XVIMAFF2024\/wp-json\/wp\/v2\/pages"}],"about":[{"href":"https:\/\/centroamerica.at\/XVIMAFF2024\/wp-json\/wp\/v2\/types\/page"}],"author":[{"embeddable":true,"href":"https:\/\/centroamerica.at\/XVIMAFF2024\/wp-json\/wp\/v2\/users\/1"}],"replies":[{"embeddable":true,"href":"https:\/\/centroamerica.at\/XVIMAFF2024\/wp-json\/wp\/v2\/comments?post=84"}],"version-history":[{"count":11,"href":"https:\/\/centroamerica.at\/XVIMAFF2024\/wp-json\/wp\/v2\/pages\/84\/revisions"}],"predecessor-version":[{"id":3412,"href":"https:\/\/centroamerica.at\/XVIMAFF2024\/wp-json\/wp\/v2\/pages\/84\/revisions\/3412"}],"wp:attachment":[{"href":"https:\/\/centroamerica.at\/XVIMAFF2024\/wp-json\/wp\/v2\/media?parent=84"}],"curies":[{"name":"wp","href":"https:\/\/api.w.org\/{rel}","templated":true}]}}