{"id":682,"date":"2019-10-19T18:01:06","date_gmt":"2019-10-19T18:01:06","guid":{"rendered":"https:\/\/www.centroamerica.at\/XIVMAFF2022\/?page_id=682"},"modified":"2024-10-23T16:58:39","modified_gmt":"2024-10-23T14:58:39","slug":"nachspann","status":"publish","type":"page","link":"https:\/\/centroamerica.at\/XVIMAFF2024\/nachspann\/","title":{"rendered":"Nachspann"},"content":{"rendered":"<h1 class=\"pageHeader\" style=\"text-align: center;\">Nachspann<\/h1>\n<p class=\"pagePara\" style=\"text-align: center;\"><strong>Konzept und Festival Leitung<\/strong><br \/>\nEnrique Bedoya<\/p>\n<p class=\"pagePara\" style=\"text-align: center;\"><strong>Programmkoordination<\/strong><br \/>\nStefanie Mayer und Enrique Bedoya<\/p>\n<p class=\"pagePara\" style=\"text-align: center;\"><strong>Internationale Koordination<\/strong><br \/>\nStefanie Mayer und Enrique Bedoya<\/p>\n<p class=\"pagePara\" style=\"text-align: center;\"><strong>Inhalt und Gestaltung<\/strong><br \/>\nEnrique Bedoya, Stefanie Mayer, Amanda Cardona<\/p>\n<p style=\"text-align: center;\"><strong>\u00d6ffentlichkeitsarbeit<br \/>\n<\/strong>Amanda Cardona, Carina M\u00fcnchenbach<\/p>\n<p class=\"pagePara\" style=\"text-align: center;\"><strong>Technische Koordination<\/strong><br \/>\nJuan Mu\u00f1oz, Raimund Fritz<\/p>\n<p class=\"pagePara\" style=\"text-align: center;\"><strong>K\u00fcnstlerische, technische und logistiche Unterst\u00fctzung<\/strong><br \/>\nErnst Kieninger, Florian Widegger, Rafael Rosal\u200b, El\u00edas Jim\u00e9nez, Giacomo Bounafina, Tina Leisch,\u00a0 Carlos Toledo, Betty De La Cruz\u200b, Manuel M\u00e9ndez Huidobro\u200b, Fabian Guevara\u200b, Luis Cordero\u200b, Ismar Rivero, Thomas Mandorfer, Beatriz de Verona, Gottfried Steiner, Karina Gil Reiter\u200b, Laura Su\u00e1rez\u200b,\u00a0 Inti Lautaro\u200b Alava, Mauricio\u200b Aceves, Harold Taylor, Nena Verona\u200b, Jaime Verona, Das Personal von Tin-Tan Tacobar, Los Mexikas, Fania Live, Fania Bar, Manolos, FAA Bar,\u00a0 Metro Kinokulturhaus und Filmarchiv Austria<\/p>\n<p class=\"pagePara\" style=\"text-align: center;\"><strong>Texte<\/strong><br \/>\nStefanie Mayer, Enrique Bedoya, Fabian Bedoya<\/p>\n<p class=\"pagePara\" style=\"text-align: center;\"><strong>\u00dcbersetzungen<\/strong><br \/>\nStefanie Mayer, Amanda Cardona, Carina M\u00fcnchenbach\u200b, Fabian Bedoya, Enrique Bedoya<\/p>\n<p style=\"text-align: center;\"><strong>Corporate, Image Identity<\/strong><br \/>\nEnrique Bedoya, Stefanie Mayer, Carlos Toledo<\/p>\n<p class=\"pagePara\" style=\"text-align: center;\"><strong>Print Graphic Design<\/strong><br \/>\nCarlos Toledo<\/p>\n<p style=\"text-align: center;\"><strong>Web<br \/>\n<\/strong>Thomas Mandorfer, Enrique Bedoya, Amanda Cardona<\/p>\n<p class=\"pagePara\" style=\"text-align: center;\"><strong>Fotografie<\/strong><br \/>\nAlessandra Naar, Carina M\u00fcnchenbach, Stefanie Mayer, Enrique Bedoya<\/p>\n<p class=\"pagePara\" style=\"text-align: center;\"><strong>Organisationsteam<\/strong><br \/>\nCarina M\u00fcnchenbach, Stefanie Mayer,\u00a0 Rebeca Picallo, Santiago \u00c1lvarez Ruiz, Amanda Cardona, Marion Plesz, Caroline Ober, Judith Wimmer, Enrique Bedoya<\/p>\n<p class=\"pagePara\" style=\"text-align: center;\"><strong>Diverse Unterst\u00fctzung<\/strong><br \/>\nAlessandra Naar, Amanda Cardona Schulte, Tamara Mandler, Christine Granzer, Carina M\u00fcnchebach, Svetla\u200b Kumhofer, Caroline Ober, Judith Wimmer, Johannes Prammer, Doris Dousat-Leitner, Mathias Grether, David Traska<\/p>\n","protected":false},"excerpt":{"rendered":"<p>Nachspann Konzept und Festival Leitung Enrique Bedoya Programmkoordination Stefanie Mayer und Enrique Bedoya Internationale Koordination Stefanie Mayer und Enrique Bedoya Inhalt und Gestaltung Enrique Bedoya, Stefanie Mayer, Amanda Cardona \u00d6ffentlichkeitsarbeit Amanda Cardona, Carina M\u00fcnchenbach Technische Koordination Juan Mu\u00f1oz, Raimund Fritz K\u00fcnstlerische, technische und logistiche Unterst\u00fctzung Ernst Kieninger, Florian Widegger, Rafael Rosal\u200b, El\u00edas Jim\u00e9nez, Giacomo Bounafina, [&hellip;]<\/p>\n","protected":false},"author":1,"featured_media":0,"parent":0,"menu_order":0,"comment_status":"closed","ping_status":"closed","template":"","meta":{"footnotes":""},"class_list":["post-682","page","type-page","status-publish","hentry"],"acf":[],"_links":{"self":[{"href":"https:\/\/centroamerica.at\/XVIMAFF2024\/wp-json\/wp\/v2\/pages\/682","targetHints":{"allow":["GET"]}}],"collection":[{"href":"https:\/\/centroamerica.at\/XVIMAFF2024\/wp-json\/wp\/v2\/pages"}],"about":[{"href":"https:\/\/centroamerica.at\/XVIMAFF2024\/wp-json\/wp\/v2\/types\/page"}],"author":[{"embeddable":true,"href":"https:\/\/centroamerica.at\/XVIMAFF2024\/wp-json\/wp\/v2\/users\/1"}],"replies":[{"embeddable":true,"href":"https:\/\/centroamerica.at\/XVIMAFF2024\/wp-json\/wp\/v2\/comments?post=682"}],"version-history":[{"count":3,"href":"https:\/\/centroamerica.at\/XVIMAFF2024\/wp-json\/wp\/v2\/pages\/682\/revisions"}],"predecessor-version":[{"id":3410,"href":"https:\/\/centroamerica.at\/XVIMAFF2024\/wp-json\/wp\/v2\/pages\/682\/revisions\/3410"}],"wp:attachment":[{"href":"https:\/\/centroamerica.at\/XVIMAFF2024\/wp-json\/wp\/v2\/media?parent=682"}],"curies":[{"name":"wp","href":"https:\/\/api.w.org\/{rel}","templated":true}]}}